{"id":6497,"date":"2020-09-26T16:05:27","date_gmt":"2020-09-26T21:05:27","guid":{"rendered":"https:\/\/territorio.co\/?page_id=6497"},"modified":"2020-09-26T16:05:27","modified_gmt":"2020-09-26T21:05:27","slug":"politica-de-privacidad","status":"publish","type":"page","link":"https:\/\/territorio.co\/en\/politica-de-privacidad\/","title":{"rendered":"POL\u00cdTICA\u00a0DE PRIVACIDAD"},"content":{"rendered":"<p>Nuestra Empresa est\u00e1 comprometida con la seguridad de los datos de sus usuarios. Cuando le pedimos llenar los campos de informaci\u00f3n personal con la cual usted pueda ser identificado, lo hacemos asegurando que s\u00f3lo se emplear\u00e1 de acuerdo con los t\u00e9rminos de este documento, La presente Pol\u00edtica de protecci\u00f3n de datos personales y privacidad establece los t\u00e9rminos en que <strong>GRUPO SANVAL S.A.S.<\/strong>&nbsp;sociedad comercial identificada con NIT 901.075.966-1, recolecta, almacena, trata, administra, usa y protege la informaci\u00f3n que es proporcionada por sus usuarios al momento de utilizar su sitio web.<\/p>\n\n\n\n<p><strong>GRUPO SANVAL S.A.S.<\/strong>, gestiona en forma adecuada la seguridad de la informaci\u00f3n procesada y\/o recopilada a trav\u00e9s de nuestro sitio web, mediante el an\u00e1lisis de riesgos, el desarrollo de medidas de seguridad, la concientizaci\u00f3n de los responsable en materia de seguridad de la informaci\u00f3n, la gesti\u00f3n adecuada de potenciales incidentes de seguridad, el cumplimiento y mantenimiento de un Plan de contingencia, que prevea el establecimiento de una metodolog\u00eda de revisi\u00f3n, auditor\u00eda y mejora continua del sistema de gesti\u00f3n de seguridad de la informaci\u00f3n, aplicando un ciclo de mejoramiento continuo en t\u00e9rminos de la consecuci\u00f3n de los niveles de seguridad id\u00f3neos.<\/p>\n\n\n\n<h3 class=\"wp-block-heading\">Informaci\u00f3n que es recopilada<\/h3>\n\n\n\n<p>Nuestro sitio web podr\u00e1 recopilar informaci\u00f3n personal autorizada, por ejemplo: Nombre, informaci\u00f3n de contacto como&nbsp;su direcci\u00f3n de correo electr\u00f3nica e informaci\u00f3n demogr\u00e1fica. As\u00ed mismo cuando sea necesario podr\u00e1 ser requerida informaci\u00f3n espec\u00edfica para procesar alg\u00fan pedido o realizar una entrega o facturaci\u00f3n. Esta informaci\u00f3n solo ser\u00e1 suministrada al personal autorizado por la empresa.<\/p>\n\n\n\n<p><strong>GRUPO SANVAL S.A.S.<\/strong> parte de la premisa que la informaci\u00f3n que le sea suministrada es veraz, de igual forma no acepta, ni gestiona informaci\u00f3n y\/o datos referentes a menores de 14 a\u00f1os que no hayan sido recabados con el consentimiento de los padres o representantes legales.<\/p>\n\n\n\n<h3 class=\"wp-block-heading\">Uso de la informaci\u00f3n recopilada<\/h3>\n\n\n\n<p><strong>GRUPO SANVAL SAS<\/strong> a trav\u00e9s de nuestro sitio web emplea la informaci\u00f3n con el fin de proporcionar un servicio de alto nivel, particularmente pretendiendo mantener un registro de usuarios, de pedidos, y en t\u00e9rminos generales informaci\u00f3n necesaria para lograr un proceso de mejora continua de nuestros productos, servicios y marca. &nbsp;Es posible que sean enviados correos electr\u00f3nicos peri\u00f3dicamente a trav\u00e9s de nuestro sitio con ofertas especiales, nuevos productos y otra informaci\u00f3n publicitaria que consideremos relevante para usted o que pueda brindarle alg\u00fan beneficio, estos correos electr\u00f3nicos ser\u00e1n enviados a la direcci\u00f3n que usted proporcione y podr\u00e1n ser cancelados en cualquier momento.<\/p>\n\n\n\n<p><strong>GRUPO SANVAL SAS<\/strong>&nbsp;est\u00e1 altamente comprometido con el cumplimiento de nuestro compromiso de mantener su informaci\u00f3n segura. Usamos sistemas avanzados y los actualizamos constantemente para asegurarnos que no exista ning\u00fan acceso no autorizado.<\/p>\n\n\n\n<p>Para nosotros es muy importante la seguridad de sus datos por eso, el \u00fanico momento en que podemos divulgar informaci\u00f3n es cuando usted nos informa para hacerlo, o para identificarlo o contactarlo. Adem\u00e1s, para proteger sus derechos o los Derechos de <strong>GRUPO SANVAL SAS<\/strong>, o seg\u00fan lo exija o lo permita la ley.<\/p>\n\n\n\n<h3 class=\"wp-block-heading\">Cookies<\/h3>\n\n\n\n<p>Una cookie se refiere a un fichero que es enviado con la finalidad de solicitar permiso para almacenarse en su ordenador, al aceptar dicho fichero se crea y la cookie sirve entonces para tener informaci\u00f3n respecto al tr\u00e1fico web, y tambi\u00e9n facilita las futuras visitas a una web recurrente. Otra funci\u00f3n que tienen las cookies es que con ellas las webs\u00b4s pueden reconocerte individualmente y por tanto brindarte el mejor servicio personalizado.<\/p>\n\n\n\n<p>Nuestro sitio web emplea las cookies para poder identificar las p\u00e1ginas que son visitadas y su frecuencia. Esta informaci\u00f3n es empleada \u00fanicamente para an\u00e1lisis estad\u00edstico y despu\u00e9s la informaci\u00f3n se elimina de forma permanente. Usted puede eliminar las cookies en cualquier momento desde su ordenador. Sin embargo, las cookies ayudan a proporcionar un mejor servicio de los sitios web, est\u00e1s no dan acceso a informaci\u00f3n de su ordenador ni de usted, a menos que usted as\u00ed lo quiera y la proporcione directamente. Usted puede aceptar o negar el uso de cookies, sin embargo, la mayor\u00eda de navegadores aceptan cookies autom\u00e1ticamente pues sirve para tener un mejor servicio web. Tambi\u00e9n usted puede cambiar la configuraci\u00f3n de su ordenador para declinar las cookies. Si se declinan es posible que no pueda utilizar algunos de nuestros servicios.<\/p>\n\n\n\n<p>En el evento que a usted le surjan inquietudes o dudas referentes a los t\u00e9rminos de esta pol\u00edtica de protecci\u00f3n de datos personales y privacidad, lo invitamos a que nos lo haga saber a trav\u00e9s de correo electr\u00f3nico dirigido a la direcci\u00f3n electr\u00f3nica ventasexpo@territorio.co o directamente a nuestras oficinas ubicadas en la siguiente direcci\u00f3n: Centro calle del curato # 38-82, Cartagena, Colombia.<\/p>","protected":false},"excerpt":{"rendered":"<p>Nuestra Empresa est\u00e1 comprometida con la seguridad de los datos de sus usuarios. Cuando le pedimos llenar los campos de informaci\u00f3n personal con la cual usted pueda ser identificado, lo hacemos asegurando que s\u00f3lo se emplear\u00e1 de acuerdo con los t\u00e9rminos de este documento, La presente Pol\u00edtica de protecci\u00f3n de datos personales y privacidad establece [&hellip;]<\/p>\n","protected":false},"author":1,"featured_media":0,"parent":0,"menu_order":0,"comment_status":"closed","ping_status":"closed","template":"","meta":{"_acf_changed":false,"footnotes":""},"class_list":["post-6497","page","type-page","status-publish","hentry"],"acf":[],"yoast_head":"<!-- This site is optimized with the Yoast SEO plugin v27.4 - https:\/\/yoast.com\/product\/yoast-seo-wordpress\/ -->\n<title>POL\u00cdTICA\u00a0DE PRIVACIDAD - Territorio CO<\/title>\n<meta name=\"robots\" content=\"index, follow, max-snippet:-1, max-image-preview:large, max-video-preview:-1\" \/>\n<link rel=\"canonical\" href=\"https:\/\/territorio.co\/en\/politica-de-privacidad\/\" \/>\n<meta property=\"og:locale\" content=\"en_US\" \/>\n<meta property=\"og:type\" content=\"article\" \/>\n<meta property=\"og:title\" content=\"POL\u00cdTICA\u00a0DE PRIVACIDAD - Territorio CO\" \/>\n<meta property=\"og:description\" content=\"Nuestra Empresa est\u00e1 comprometida con la seguridad de los datos de sus usuarios. Cuando le pedimos llenar los campos de informaci\u00f3n personal con la cual usted pueda ser identificado, lo hacemos asegurando que s\u00f3lo se emplear\u00e1 de acuerdo con los t\u00e9rminos de este documento, La presente Pol\u00edtica de protecci\u00f3n de datos personales y privacidad establece [&hellip;]\" \/>\n<meta property=\"og:url\" content=\"https:\/\/territorio.co\/en\/politica-de-privacidad\/\" \/>\n<meta property=\"og:site_name\" content=\"Territorio CO\" \/>\n<meta name=\"twitter:card\" content=\"summary_large_image\" \/>\n<meta name=\"twitter:label1\" content=\"Est. reading time\" \/>\n\t<meta name=\"twitter:data1\" content=\"4 minutes\" \/>\n<script type=\"application\/ld+json\" class=\"yoast-schema-graph\">{\"@context\":\"https:\\\/\\\/schema.org\",\"@graph\":[{\"@type\":\"WebPage\",\"@id\":\"https:\\\/\\\/territorio.co\\\/politica-de-privacidad\\\/\",\"url\":\"https:\\\/\\\/territorio.co\\\/politica-de-privacidad\\\/\",\"name\":\"POL\u00cdTICA\u00a0DE PRIVACIDAD - Territorio CO\",\"isPartOf\":{\"@id\":\"https:\\\/\\\/territorio.co\\\/#website\"},\"datePublished\":\"2020-09-26T21:05:27+00:00\",\"breadcrumb\":{\"@id\":\"https:\\\/\\\/territorio.co\\\/politica-de-privacidad\\\/#breadcrumb\"},\"inLanguage\":\"en-US\",\"potentialAction\":[{\"@type\":\"ReadAction\",\"target\":[\"https:\\\/\\\/territorio.co\\\/politica-de-privacidad\\\/\"]}]},{\"@type\":\"BreadcrumbList\",\"@id\":\"https:\\\/\\\/territorio.co\\\/politica-de-privacidad\\\/#breadcrumb\",\"itemListElement\":[{\"@type\":\"ListItem\",\"position\":1,\"name\":\"Portada\",\"item\":\"https:\\\/\\\/territorio.co\\\/\"},{\"@type\":\"ListItem\",\"position\":2,\"name\":\"POL\u00cdTICA\u00a0DE PRIVACIDAD\"}]},{\"@type\":\"WebSite\",\"@id\":\"https:\\\/\\\/territorio.co\\\/#website\",\"url\":\"https:\\\/\\\/territorio.co\\\/\",\"name\":\"Territorio CO\",\"description\":\"Colombian Culture &amp; Fashion Shop\",\"potentialAction\":[{\"@type\":\"SearchAction\",\"target\":{\"@type\":\"EntryPoint\",\"urlTemplate\":\"https:\\\/\\\/territorio.co\\\/?s={search_term_string}\"},\"query-input\":{\"@type\":\"PropertyValueSpecification\",\"valueRequired\":true,\"valueName\":\"search_term_string\"}}],\"inLanguage\":\"en-US\"}]}<\/script>\n<!-- \/ Yoast SEO plugin. -->","yoast_head_json":{"title":"POL\u00cdTICA\u00a0DE PRIVACIDAD - Territorio CO","robots":{"index":"index","follow":"follow","max-snippet":"max-snippet:-1","max-image-preview":"max-image-preview:large","max-video-preview":"max-video-preview:-1"},"canonical":"https:\/\/territorio.co\/en\/politica-de-privacidad\/","og_locale":"en_US","og_type":"article","og_title":"POL\u00cdTICA\u00a0DE PRIVACIDAD - Territorio CO","og_description":"Nuestra Empresa est\u00e1 comprometida con la seguridad de los datos de sus usuarios. Cuando le pedimos llenar los campos de informaci\u00f3n personal con la cual usted pueda ser identificado, lo hacemos asegurando que s\u00f3lo se emplear\u00e1 de acuerdo con los t\u00e9rminos de este documento, La presente Pol\u00edtica de protecci\u00f3n de datos personales y privacidad establece [&hellip;]","og_url":"https:\/\/territorio.co\/en\/politica-de-privacidad\/","og_site_name":"Territorio CO","twitter_card":"summary_large_image","twitter_misc":{"Est. reading time":"4 minutes"},"schema":{"@context":"https:\/\/schema.org","@graph":[{"@type":"WebPage","@id":"https:\/\/territorio.co\/politica-de-privacidad\/","url":"https:\/\/territorio.co\/politica-de-privacidad\/","name":"POL\u00cdTICA\u00a0DE PRIVACIDAD - Territorio CO","isPartOf":{"@id":"https:\/\/territorio.co\/#website"},"datePublished":"2020-09-26T21:05:27+00:00","breadcrumb":{"@id":"https:\/\/territorio.co\/politica-de-privacidad\/#breadcrumb"},"inLanguage":"en-US","potentialAction":[{"@type":"ReadAction","target":["https:\/\/territorio.co\/politica-de-privacidad\/"]}]},{"@type":"BreadcrumbList","@id":"https:\/\/territorio.co\/politica-de-privacidad\/#breadcrumb","itemListElement":[{"@type":"ListItem","position":1,"name":"Portada","item":"https:\/\/territorio.co\/"},{"@type":"ListItem","position":2,"name":"POL\u00cdTICA\u00a0DE PRIVACIDAD"}]},{"@type":"WebSite","@id":"https:\/\/territorio.co\/#website","url":"https:\/\/territorio.co\/","name":"Territorio CO","description":"Colombian Culture &amp; Fashion Shop","potentialAction":[{"@type":"SearchAction","target":{"@type":"EntryPoint","urlTemplate":"https:\/\/territorio.co\/?s={search_term_string}"},"query-input":{"@type":"PropertyValueSpecification","valueRequired":true,"valueName":"search_term_string"}}],"inLanguage":"en-US"}]}},"jetpack_sharing_enabled":true,"_links":{"self":[{"href":"https:\/\/territorio.co\/en\/wp-json\/wp\/v2\/pages\/6497","targetHints":{"allow":["GET"]}}],"collection":[{"href":"https:\/\/territorio.co\/en\/wp-json\/wp\/v2\/pages"}],"about":[{"href":"https:\/\/territorio.co\/en\/wp-json\/wp\/v2\/types\/page"}],"author":[{"embeddable":true,"href":"https:\/\/territorio.co\/en\/wp-json\/wp\/v2\/users\/1"}],"replies":[{"embeddable":true,"href":"https:\/\/territorio.co\/en\/wp-json\/wp\/v2\/comments?post=6497"}],"version-history":[{"count":1,"href":"https:\/\/territorio.co\/en\/wp-json\/wp\/v2\/pages\/6497\/revisions"}],"predecessor-version":[{"id":6498,"href":"https:\/\/territorio.co\/en\/wp-json\/wp\/v2\/pages\/6497\/revisions\/6498"}],"wp:attachment":[{"href":"https:\/\/territorio.co\/en\/wp-json\/wp\/v2\/media?parent=6497"}],"curies":[{"name":"wp","href":"https:\/\/api.w.org\/{rel}","templated":true}]}}