{"id":6477,"date":"2020-09-25T12:14:13","date_gmt":"2020-09-25T17:14:13","guid":{"rendered":"https:\/\/territorio.co\/2020\/?page_id=6477"},"modified":"2020-09-25T12:22:38","modified_gmt":"2020-09-25T17:22:38","slug":"nuestros-artesanos","status":"publish","type":"page","link":"https:\/\/territorio.co\/en\/nuestros-artesanos\/","title":{"rendered":"Our Artisans"},"content":{"rendered":"<ul>\n<li>\n<p>        <img decoding=\"async\" src=\"\/2020\/wp-content\/uploads\/2020\/09\/artesanos-galeria-1-1.jpg\" alt=\"\"><\/p>\n<h3>artesanos-galeria-1<\/h3>\n<\/li>\n<li>\n<p>        <img decoding=\"async\" src=\"\/2020\/wp-content\/uploads\/2020\/09\/artesanos-galeria-2.jpg\" alt=\"\"><\/p>\n<h3>artesanos-galeria-2<\/h3>\n<\/li>\n<li>\n<p>        <img decoding=\"async\" src=\"\/2020\/wp-content\/uploads\/2020\/09\/artesanos-galeria-3-1.jpg\" alt=\"\"><\/p>\n<h3>artesanos-galeria-3<\/h3>\n<\/li>\n<li>\n<p>        <img decoding=\"async\" src=\"\/2020\/wp-content\/uploads\/2020\/09\/artesanos-galeria-4-1.jpg\" alt=\"\"><\/p>\n<h3>artesanos-galeria-4<\/h3>\n<\/li>\n<li>\n<p>        <img decoding=\"async\" src=\"\/2020\/wp-content\/uploads\/2020\/09\/artesanos-galeria-5-1.jpg\" alt=\"\"><\/p>\n<h3>artesanos-galeria-5<\/h3>\n<\/li>\n<\/ul>\n<h1>Nuestros Artesanos<\/h1>\n<div>En el coraz\u00f3n de Cartagena hay un tesoro escondido que lleva un patrimonio de culturas milenarias y una historia sin fin \u2026 una ventana a un Territorio.<br \/>\nSomos una ventana al mundo que conecta el presente, el pasado y el futuro.<br \/>\nUn espacio de exhibici\u00f3n cultural y un punto de encuentro para lugare\u00f1os y turistas donde los materiales de nuestros artesanos alcanzan el m\u00e1s alto nivel de calidad.<br \/>\nEn este espacio, nos esforzamos por rendir homenaje a nuestro patrimonio cultural, exaltarlo y mostrarlo al mundo en un contexto en el que se le otorga el valor que merece.<\/div>\n<p><!-- {\"type\":\"layout\",\"children\":[{\"type\":\"section\",\"props\":{\"style\":\"muted\",\"width\":\"default\",\"vertical_align\":\"middle\",\"title_position\":\"top-left\",\"title_rotation\":\"left\",\"title_breakpoint\":\"xl\",\"image_position\":\"center-center\"},\"children\":[{\"type\":\"row\",\"props\":{\"layout\":\"1-2,1-2\"},\"children\":[{\"type\":\"column\",\"props\":{\"image_position\":\"center-center\",\"media_overlay_gradient\":\"\",\"width_medium\":\"1-2\"},\"children\":[{\"type\":\"gallery\",\"props\":{\"show_title\":false,\"show_meta\":false,\"show_content\":false,\"show_link\":true,\"show_hover_image\":false,\"grid_default\":\"1\",\"grid_medium\":\"\",\"filter_style\":\"tab\",\"filter_all\":true,\"filter_position\":\"top\",\"filter_align\":\"left\",\"filter_grid_width\":\"auto\",\"filter_grid_breakpoint\":\"m\",\"overlay_mode\":\"caption\",\"overlay_hover\":false,\"overlay_style\":\"\",\"text_color\":\"light\",\"overlay_position\":\"center\",\"overlay_transition\":\"fade\",\"title_hover_style\":\"reset\",\"title_element\":\"h3\",\"meta_style\":\"meta\",\"meta_align\":\"below-title\",\"meta_element\":\"div\",\"link_text\":\"\",\"link_style\":\"default\",\"text_align\":\"center\",\"margin\":\"default\",\"item_animation\":\"\",\"grid_masonry\":true,\"grid_column_gap\":\"small\",\"grid_row_gap\":\"small\",\"grid_row_align\":false,\"grid_column_align\":false,\"lightbox\":true,\"lightbox_image_orientation\":true,\"title_display\":\"item\",\"content_display\":\"item\",\"grid_small\":\"2\",\"overlay_link\":true},\"children\":[{\"type\":\"gallery_item\",\"props\":{\"title\":\"artesanos-galeria-1\",\"image\":\"wp-content\\\/uploads\\\/2020\\\/09\\\/artesanos-galeria-1-1.jpg\"}},{\"type\":\"gallery_item\",\"props\":{\"title\":\"artesanos-galeria-2\",\"image\":\"wp-content\\\/uploads\\\/2020\\\/09\\\/artesanos-galeria-2.jpg\"}},{\"type\":\"gallery_item\",\"props\":{\"title\":\"artesanos-galeria-3\",\"image\":\"wp-content\\\/uploads\\\/2020\\\/09\\\/artesanos-galeria-3-1.jpg\"}},{\"type\":\"gallery_item\",\"props\":{\"title\":\"artesanos-galeria-4\",\"image\":\"wp-content\\\/uploads\\\/2020\\\/09\\\/artesanos-galeria-4-1.jpg\"}},{\"type\":\"gallery_item\",\"props\":{\"title\":\"artesanos-galeria-5\",\"image\":\"wp-content\\\/uploads\\\/2020\\\/09\\\/artesanos-galeria-5-1.jpg\"}}]}]},{\"type\":\"column\",\"props\":{\"image_position\":\"center-center\",\"media_overlay_gradient\":\"\",\"width_medium\":\"1-2\",\"vertical_align\":\"middle\"},\"children\":[{\"type\":\"headline\",\"props\":{\"title_element\":\"h1\",\"content\":\"Nuestros Artesanos\",\"title_style\":\"h1\"}},{\"type\":\"text\",\"props\":{\"margin\":\"default\",\"column_breakpoint\":\"m\",\"content\":\"En el coraz\\u00f3n de Cartagena hay un tesoro escondido que lleva un patrimonio de culturas milenarias y una historia sin fin \\u2026 una ventana a un Territorio.<br \/>\\nSomos una ventana al mundo que conecta el presente, el pasado y el futuro.\\nUn espacio de exhibici\\u00f3n cultural y un punto de encuentro para lugare\\u00f1os y turistas donde los materiales de nuestros artesanos alcanzan el m\\u00e1s alto nivel de calidad.<br \/>\\nEn este espacio, nos esforzamos por rendir homenaje a nuestro patrimonio cultural, exaltarlo y mostrarlo al mundo en un contexto en el que se le otorga el valor que merece.\"}}]}]}]}],\"version\":\"2.2.5\"} --><\/p>\n","protected":false},"excerpt":{"rendered":"<p>artesanos-galeria-1 artesanos-galeria-2 artesanos-galeria-3 artesanos-galeria-4 artesanos-galeria-5 Nuestros Artesanos En el coraz\u00f3n de Cartagena hay un tesoro escondido que lleva un patrimonio de culturas milenarias y una historia sin fin \u2026 una ventana a un Territorio. Somos una ventana al mundo que conecta el presente, el pasado y el futuro. Un espacio de exhibici\u00f3n cultural y un [&hellip;]<\/p>\n","protected":false},"author":1,"featured_media":0,"parent":0,"menu_order":0,"comment_status":"closed","ping_status":"closed","template":"","meta":{"_acf_changed":false,"footnotes":""},"class_list":["post-6477","page","type-page","status-publish","hentry"],"acf":[],"yoast_head":"<!-- This site is optimized with the Yoast SEO plugin v27.4 - https:\/\/yoast.com\/product\/yoast-seo-wordpress\/ -->\n<title>Nuestros Artesanos - Territorio CO<\/title>\n<meta name=\"robots\" content=\"index, follow, max-snippet:-1, max-image-preview:large, max-video-preview:-1\" \/>\n<link rel=\"canonical\" href=\"https:\/\/territorio.co\/en\/nuestros-artesanos\/\" \/>\n<meta property=\"og:locale\" content=\"en_US\" \/>\n<meta property=\"og:type\" content=\"article\" \/>\n<meta property=\"og:title\" content=\"Nuestros Artesanos - Territorio CO\" \/>\n<meta property=\"og:description\" content=\"artesanos-galeria-1 artesanos-galeria-2 artesanos-galeria-3 artesanos-galeria-4 artesanos-galeria-5 Nuestros Artesanos En el coraz\u00f3n de Cartagena hay un tesoro escondido que lleva un patrimonio de culturas milenarias y una historia sin fin \u2026 una ventana a un Territorio. Somos una ventana al mundo que conecta el presente, el pasado y el futuro. Un espacio de exhibici\u00f3n cultural y un [&hellip;]\" \/>\n<meta property=\"og:url\" content=\"https:\/\/territorio.co\/en\/nuestros-artesanos\/\" \/>\n<meta property=\"og:site_name\" content=\"Territorio CO\" \/>\n<meta property=\"article:modified_time\" content=\"2020-09-25T17:22:38+00:00\" \/>\n<meta property=\"og:image\" content=\"https:\/\/territorio.co\/2020\/wp-content\/uploads\/2020\/09\/artesanos-galeria-1-1.jpg\" \/>\n<meta name=\"twitter:card\" content=\"summary_large_image\" \/>\n<meta name=\"twitter:label1\" content=\"Est. reading time\" \/>\n\t<meta name=\"twitter:data1\" content=\"1 minute\" \/>\n<script type=\"application\/ld+json\" class=\"yoast-schema-graph\">{\"@context\":\"https:\\\/\\\/schema.org\",\"@graph\":[{\"@type\":\"WebPage\",\"@id\":\"https:\\\/\\\/territorio.co\\\/en\\\/nuestros-artesanos\\\/\",\"url\":\"https:\\\/\\\/territorio.co\\\/en\\\/nuestros-artesanos\\\/\",\"name\":\"Nuestros Artesanos - Territorio CO\",\"isPartOf\":{\"@id\":\"https:\\\/\\\/territorio.co\\\/#website\"},\"datePublished\":\"2020-09-25T17:14:13+00:00\",\"dateModified\":\"2020-09-25T17:22:38+00:00\",\"breadcrumb\":{\"@id\":\"https:\\\/\\\/territorio.co\\\/en\\\/nuestros-artesanos\\\/#breadcrumb\"},\"inLanguage\":\"en-US\",\"potentialAction\":[{\"@type\":\"ReadAction\",\"target\":[\"https:\\\/\\\/territorio.co\\\/en\\\/nuestros-artesanos\\\/\"]}]},{\"@type\":\"BreadcrumbList\",\"@id\":\"https:\\\/\\\/territorio.co\\\/en\\\/nuestros-artesanos\\\/#breadcrumb\",\"itemListElement\":[{\"@type\":\"ListItem\",\"position\":1,\"name\":\"Portada\",\"item\":\"https:\\\/\\\/territorio.co\\\/\"},{\"@type\":\"ListItem\",\"position\":2,\"name\":\"Nuestros Artesanos\"}]},{\"@type\":\"WebSite\",\"@id\":\"https:\\\/\\\/territorio.co\\\/#website\",\"url\":\"https:\\\/\\\/territorio.co\\\/\",\"name\":\"Territorio CO\",\"description\":\"Colombian Culture &amp; Fashion Shop\",\"potentialAction\":[{\"@type\":\"SearchAction\",\"target\":{\"@type\":\"EntryPoint\",\"urlTemplate\":\"https:\\\/\\\/territorio.co\\\/?s={search_term_string}\"},\"query-input\":{\"@type\":\"PropertyValueSpecification\",\"valueRequired\":true,\"valueName\":\"search_term_string\"}}],\"inLanguage\":\"en-US\"}]}<\/script>\n<!-- \/ Yoast SEO plugin. -->","yoast_head_json":{"title":"Nuestros Artesanos - Territorio CO","robots":{"index":"index","follow":"follow","max-snippet":"max-snippet:-1","max-image-preview":"max-image-preview:large","max-video-preview":"max-video-preview:-1"},"canonical":"https:\/\/territorio.co\/en\/nuestros-artesanos\/","og_locale":"en_US","og_type":"article","og_title":"Nuestros Artesanos - Territorio CO","og_description":"artesanos-galeria-1 artesanos-galeria-2 artesanos-galeria-3 artesanos-galeria-4 artesanos-galeria-5 Nuestros Artesanos En el coraz\u00f3n de Cartagena hay un tesoro escondido que lleva un patrimonio de culturas milenarias y una historia sin fin \u2026 una ventana a un Territorio. Somos una ventana al mundo que conecta el presente, el pasado y el futuro. Un espacio de exhibici\u00f3n cultural y un [&hellip;]","og_url":"https:\/\/territorio.co\/en\/nuestros-artesanos\/","og_site_name":"Territorio CO","article_modified_time":"2020-09-25T17:22:38+00:00","og_image":[{"url":"https:\/\/territorio.co\/2020\/wp-content\/uploads\/2020\/09\/artesanos-galeria-1-1.jpg","type":"","width":"","height":""}],"twitter_card":"summary_large_image","twitter_misc":{"Est. reading time":"1 minute"},"schema":{"@context":"https:\/\/schema.org","@graph":[{"@type":"WebPage","@id":"https:\/\/territorio.co\/en\/nuestros-artesanos\/","url":"https:\/\/territorio.co\/en\/nuestros-artesanos\/","name":"Nuestros Artesanos - Territorio CO","isPartOf":{"@id":"https:\/\/territorio.co\/#website"},"datePublished":"2020-09-25T17:14:13+00:00","dateModified":"2020-09-25T17:22:38+00:00","breadcrumb":{"@id":"https:\/\/territorio.co\/en\/nuestros-artesanos\/#breadcrumb"},"inLanguage":"en-US","potentialAction":[{"@type":"ReadAction","target":["https:\/\/territorio.co\/en\/nuestros-artesanos\/"]}]},{"@type":"BreadcrumbList","@id":"https:\/\/territorio.co\/en\/nuestros-artesanos\/#breadcrumb","itemListElement":[{"@type":"ListItem","position":1,"name":"Portada","item":"https:\/\/territorio.co\/"},{"@type":"ListItem","position":2,"name":"Nuestros Artesanos"}]},{"@type":"WebSite","@id":"https:\/\/territorio.co\/#website","url":"https:\/\/territorio.co\/","name":"Territorio CO","description":"Colombian Culture &amp; Fashion Shop","potentialAction":[{"@type":"SearchAction","target":{"@type":"EntryPoint","urlTemplate":"https:\/\/territorio.co\/?s={search_term_string}"},"query-input":{"@type":"PropertyValueSpecification","valueRequired":true,"valueName":"search_term_string"}}],"inLanguage":"en-US"}]}},"jetpack_sharing_enabled":true,"_links":{"self":[{"href":"https:\/\/territorio.co\/en\/wp-json\/wp\/v2\/pages\/6477","targetHints":{"allow":["GET"]}}],"collection":[{"href":"https:\/\/territorio.co\/en\/wp-json\/wp\/v2\/pages"}],"about":[{"href":"https:\/\/territorio.co\/en\/wp-json\/wp\/v2\/types\/page"}],"author":[{"embeddable":true,"href":"https:\/\/territorio.co\/en\/wp-json\/wp\/v2\/users\/1"}],"replies":[{"embeddable":true,"href":"https:\/\/territorio.co\/en\/wp-json\/wp\/v2\/comments?post=6477"}],"version-history":[{"count":4,"href":"https:\/\/territorio.co\/en\/wp-json\/wp\/v2\/pages\/6477\/revisions"}],"predecessor-version":[{"id":6491,"href":"https:\/\/territorio.co\/en\/wp-json\/wp\/v2\/pages\/6477\/revisions\/6491"}],"wp:attachment":[{"href":"https:\/\/territorio.co\/en\/wp-json\/wp\/v2\/media?parent=6477"}],"curies":[{"name":"wp","href":"https:\/\/api.w.org\/{rel}","templated":true}]}}